{"id":57,"date":"2024-05-20T11:00:55","date_gmt":"2024-05-20T11:00:55","guid":{"rendered":"https:\/\/www.integratywnie.pl\/index.php\/about\/"},"modified":"2025-12-31T12:17:47","modified_gmt":"2025-12-31T12:17:47","slug":"o-mnie","status":"publish","type":"page","link":"https:\/\/www.integratywnie.pl\/index.php\/o-mnie\/","title":{"rendered":"O Mnie"},"content":{"rendered":"\t\t<div data-elementor-type=\"wp-page\" data-elementor-id=\"57\" class=\"elementor elementor-57\" data-elementor-post-type=\"page\">\n\t\t\t\t<div class=\"elementor-element elementor-element-4eb29d9c e-con-full e-flex e-con e-parent\" data-id=\"4eb29d9c\" data-element_type=\"container\">\n\t\t\t\t<div class=\"elementor-element elementor-element-2f3f8cc3 elementor-widget elementor-widget-heading\" data-id=\"2f3f8cc3\" data-element_type=\"widget\" data-widget_type=\"heading.default\">\n\t\t\t\t<div class=\"elementor-widget-container\">\n\t\t\t<style>\/*! elementor - v3.21.0 - 26-05-2024 *\/\n.elementor-heading-title{padding:0;margin:0;line-height:1}.elementor-widget-heading .elementor-heading-title[class*=elementor-size-]>a{color:inherit;font-size:inherit;line-height:inherit}.elementor-widget-heading .elementor-heading-title.elementor-size-small{font-size:15px}.elementor-widget-heading .elementor-heading-title.elementor-size-medium{font-size:19px}.elementor-widget-heading .elementor-heading-title.elementor-size-large{font-size:29px}.elementor-widget-heading .elementor-heading-title.elementor-size-xl{font-size:39px}.elementor-widget-heading .elementor-heading-title.elementor-size-xxl{font-size:59px}<\/style><h1 class=\"elementor-heading-title elementor-size-default\">Adam Cezary<br>Wi\u0119ckowski<\/h1>\t\t<\/div>\n\t\t\t\t<\/div>\n\t\t\t\t<div class=\"elementor-element elementor-element-476b4c72 elementor-widget elementor-widget-text-editor\" data-id=\"476b4c72\" data-element_type=\"widget\" data-widget_type=\"text-editor.default\">\n\t\t\t\t<div class=\"elementor-widget-container\">\n\t\t\t<style>\/*! elementor - v3.21.0 - 26-05-2024 *\/\n.elementor-widget-text-editor.elementor-drop-cap-view-stacked .elementor-drop-cap{background-color:#69727d;color:#fff}.elementor-widget-text-editor.elementor-drop-cap-view-framed .elementor-drop-cap{color:#69727d;border:3px solid;background-color:transparent}.elementor-widget-text-editor:not(.elementor-drop-cap-view-default) .elementor-drop-cap{margin-top:8px}.elementor-widget-text-editor:not(.elementor-drop-cap-view-default) .elementor-drop-cap-letter{width:1em;height:1em}.elementor-widget-text-editor .elementor-drop-cap{float:left;text-align:center;line-height:1;font-size:50px}.elementor-widget-text-editor .elementor-drop-cap-letter{display:inline-block}<\/style>\t\t\t\t<p>Dyplomowany Psychoterapeuta<\/p><p>Certyfikowany Hipnoterapeuta<\/p><p>Wyk\u0142adowca Trener<\/p><p>Tw\u00f3rca TTR<\/p>\t\t\t\t\t\t<\/div>\n\t\t\t\t<\/div>\n\t\t\t\t<\/div>\n\t\t<div class=\"elementor-element elementor-element-53276724 e-con-full e-flex e-con e-parent\" data-id=\"53276724\" data-element_type=\"container\">\n\t\t<div class=\"elementor-element elementor-element-1944f3c8 e-con-full e-flex e-con e-child\" data-id=\"1944f3c8\" data-element_type=\"container\" data-settings=\"{&quot;background_background&quot;:&quot;classic&quot;}\">\n\t\t\t\t<\/div>\n\t\t<div class=\"elementor-element elementor-element-6c47a29b e-con-full e-flex e-con e-child\" data-id=\"6c47a29b\" data-element_type=\"container\">\n\t\t\t\t<div class=\"elementor-element elementor-element-7fa61539 elementor-widget elementor-widget-heading\" data-id=\"7fa61539\" data-element_type=\"widget\" data-widget_type=\"heading.default\">\n\t\t\t\t<div class=\"elementor-widget-container\">\n\t\t\t<h2 class=\"elementor-heading-title elementor-size-default\">O mnie \u2013 \nEdukacja, Wsparcie i Praca z Pod\u015bwiadomo\u015bci\u0105<\/h2>\t\t<\/div>\n\t\t\t\t<\/div>\n\t\t\t\t<div class=\"elementor-element elementor-element-29c03d1f elementor-widget elementor-widget-text-editor\" data-id=\"29c03d1f\" data-element_type=\"widget\" data-widget_type=\"text-editor.default\">\n\t\t\t\t<div class=\"elementor-widget-container\">\n\t\t\t\t\t\t\t<p data-path-to-node=\"6\">Nazywam si\u0119 Adam Cezary Wi\u0119ckowski i prowadz\u0119 profesjonaln\u0105 dzia\u0142alno\u015b\u0107 doradcz\u0105 oraz edukacyjn\u0105, wspieraj\u0105c klient\u00f3w w odzyskiwaniu r\u00f3wnowagi \u017cyciowej i budowaniu odporno\u015bci psychicznej poprzez nauk\u0119 narz\u0119dzi do pracy z pod\u015bwiadomo\u015bci\u0105.<\/p><p data-path-to-node=\"7\">Moje podej\u015bcie opiera si\u0119 na solidnych fundamentach merytorycznych z Instytutu Psychologii Stosowanej w Warszawie gdzie uzyska\u0142em Tytu\u0142 Dyplomowanego Psychoterapeuty.<\/p><p data-path-to-node=\"7\">W swojej pracy konsultingowej i treningowej \u0142\u0105cz\u0119 wiedz\u0119 zgodnie z moimi kompetencjami zawodowymi i powszechnie uznanymi metodami oraz \u00a0nowoczesnymi technikami pracy z pod\u015bwiadomo\u015bci\u0105.<\/p><p data-path-to-node=\"7\">Nie oferuj\u0119 standardowego leczenia medycznego, nie jestem lekarzem psychiatr\u0105 czy psychologiem lub psychologiem klinicznym tylko psychoterapeut\u0105 oferuj\u0105cym proces edukacyjny i rozwojowy, kt\u00f3ry wyposa\u017ca Ci\u0119 w narz\u0119dzia do samodzielnego radzenia sobie z wyzwaniami i problemami.<\/p><p data-path-to-node=\"8\"><b data-path-to-node=\"8\" data-index-in-node=\"0\">Moje kompetencje i kwalifikacje:<\/b> Jako tw\u00f3rca TTR certyfikowany i dyplomowany specjalista , w moich autorskich programach warsztatowych, szkoleniowych lub mentoringowych podczas konsultacji, sesji pracy z pod\u015bwiadomo\u015bci\u0105, Mentoringu czy Coachingu bazuj\u0119 na kwalifikacjach zdobytych w renomowanych instytucjach:<\/p><ul data-path-to-node=\"9\"><li><p data-path-to-node=\"9,0,0\"><b data-path-to-node=\"9,0,0\" data-index-in-node=\"0\">Wsparcie w kryzysie i relacjach:<\/b> Posiadam dyplom Instytutu Psychologii Stosowanej (Nr Dyplomu 5\/20\/23\/24, kod zawodu: 229905). Wiedz\u0119 t\u0119 wykorzystuj\u0119 w konsultacjach dotycz\u0105cych dynamiki par, rodzin oraz w interwencji kryzysowej.<\/p><\/li><li><p data-path-to-node=\"9,1,0\"><b data-path-to-node=\"9,1,0\" data-index-in-node=\"0\">Praca z pod\u015bwiadomo\u015bci\u0105 (Mindset Coaching):<\/b> Jestem certyfikowanym Hipnoterapeut\u0105 (Szko\u0142a Hipnoterapii Integracyjnej, za\u015bwiadczenie MEN ADZ-N 097\/2024, kod zawodu: 323009).<\/p><\/li><li><p data-path-to-node=\"9,1,0\">Te kompetencje pozwalaj\u0105 mi prowadzi\u0107 skuteczne sesje <i data-path-to-node=\"9,1,0\" data-index-in-node=\"237\">online konsultacji, Sesji pracy z Pod\u015bwiadomo\u015bci\u0105, Mentoringu czy Coachingu &#8211; \u00a0coaching services focused on subconscious mind work<\/i>, pomagaj\u0105c w zmianie nawyk\u00f3w i ograniczaj\u0105cych przekona\u0144 na poziomie pod\u015bwiadomym.<\/p><\/li><\/ul><p data-path-to-node=\"10\"><b data-path-to-node=\"10\" data-index-in-node=\"0\">Jak pracuj\u0119?<\/b><\/p><p data-path-to-node=\"10\">Moje us\u0142ugi maj\u0105 charakter doradczy i treningowy.<\/p><p data-path-to-node=\"10\">Podczas pracy stwarzam warunki do zrozumienia mechanizm\u00f3w rz\u0105dz\u0105cych Twoim zachowaniem i ucz\u0119, jak zarz\u0105dza\u0107 stresem oraz emocjami i jak korzysta\u0107 ze swojej pod\u015bwiadomo\u015bci i systemu wspomnie\u0144.<\/p><p>To praktyczna edukacja o Tobie samym lub samej , kt\u00f3ra prowadzi do trwa\u0142ej zmiany jako\u015bci \u017cycia.<\/p>\t\t\t\t\t\t<\/div>\n\t\t\t\t<\/div>\n\t\t\t\t<\/div>\n\t\t\t\t<\/div>\n\t\t<div class=\"elementor-element elementor-element-558eb395 e-con-full e-flex e-con e-parent\" data-id=\"558eb395\" data-element_type=\"container\">\n\t\t\t\t<div class=\"elementor-element elementor-element-7a2885ae elementor-widget elementor-widget-heading\" data-id=\"7a2885ae\" data-element_type=\"widget\" data-widget_type=\"heading.default\">\n\t\t\t\t<div class=\"elementor-widget-container\">\n\t\t\t<h2 class=\"elementor-heading-title elementor-size-default\">G\u0141\u00d3WNE ZALETY PRACY Z POD\u015aWIADOMO\u015aCI\u0104 <br>TTR<\/h2>\t\t<\/div>\n\t\t\t\t<\/div>\n\t\t<div class=\"elementor-element elementor-element-156b9ac3 e-con-full e-flex e-con e-child\" data-id=\"156b9ac3\" data-element_type=\"container\">\n\t\t<div class=\"elementor-element elementor-element-84abf9c e-con-full e-flex e-con e-child\" data-id=\"84abf9c\" data-element_type=\"container\">\n\t\t\t\t<div class=\"elementor-element elementor-element-4d715486 elementor-widget-divider--view-line elementor-widget elementor-widget-divider\" data-id=\"4d715486\" data-element_type=\"widget\" data-widget_type=\"divider.default\">\n\t\t\t\t<div class=\"elementor-widget-container\">\n\t\t\t<style>\/*! elementor - v3.21.0 - 26-05-2024 *\/\n.elementor-widget-divider{--divider-border-style:none;--divider-border-width:1px;--divider-color:#0c0d0e;--divider-icon-size:20px;--divider-element-spacing:10px;--divider-pattern-height:24px;--divider-pattern-size:20px;--divider-pattern-url:none;--divider-pattern-repeat:repeat-x}.elementor-widget-divider .elementor-divider{display:flex}.elementor-widget-divider .elementor-divider__text{font-size:15px;line-height:1;max-width:95%}.elementor-widget-divider .elementor-divider__element{margin:0 var(--divider-element-spacing);flex-shrink:0}.elementor-widget-divider .elementor-icon{font-size:var(--divider-icon-size)}.elementor-widget-divider .elementor-divider-separator{display:flex;margin:0;direction:ltr}.elementor-widget-divider--view-line_icon .elementor-divider-separator,.elementor-widget-divider--view-line_text .elementor-divider-separator{align-items:center}.elementor-widget-divider--view-line_icon .elementor-divider-separator:after,.elementor-widget-divider--view-line_icon .elementor-divider-separator:before,.elementor-widget-divider--view-line_text .elementor-divider-separator:after,.elementor-widget-divider--view-line_text .elementor-divider-separator:before{display:block;content:\"\";border-block-end:0;flex-grow:1;border-block-start:var(--divider-border-width) var(--divider-border-style) var(--divider-color)}.elementor-widget-divider--element-align-left .elementor-divider .elementor-divider-separator>.elementor-divider__svg:first-of-type{flex-grow:0;flex-shrink:100}.elementor-widget-divider--element-align-left .elementor-divider-separator:before{content:none}.elementor-widget-divider--element-align-left .elementor-divider__element{margin-left:0}.elementor-widget-divider--element-align-right .elementor-divider .elementor-divider-separator>.elementor-divider__svg:last-of-type{flex-grow:0;flex-shrink:100}.elementor-widget-divider--element-align-right .elementor-divider-separator:after{content:none}.elementor-widget-divider--element-align-right .elementor-divider__element{margin-right:0}.elementor-widget-divider--element-align-start .elementor-divider .elementor-divider-separator>.elementor-divider__svg:first-of-type{flex-grow:0;flex-shrink:100}.elementor-widget-divider--element-align-start .elementor-divider-separator:before{content:none}.elementor-widget-divider--element-align-start .elementor-divider__element{margin-inline-start:0}.elementor-widget-divider--element-align-end .elementor-divider .elementor-divider-separator>.elementor-divider__svg:last-of-type{flex-grow:0;flex-shrink:100}.elementor-widget-divider--element-align-end .elementor-divider-separator:after{content:none}.elementor-widget-divider--element-align-end .elementor-divider__element{margin-inline-end:0}.elementor-widget-divider:not(.elementor-widget-divider--view-line_text):not(.elementor-widget-divider--view-line_icon) .elementor-divider-separator{border-block-start:var(--divider-border-width) var(--divider-border-style) var(--divider-color)}.elementor-widget-divider--separator-type-pattern{--divider-border-style:none}.elementor-widget-divider--separator-type-pattern.elementor-widget-divider--view-line .elementor-divider-separator,.elementor-widget-divider--separator-type-pattern:not(.elementor-widget-divider--view-line) .elementor-divider-separator:after,.elementor-widget-divider--separator-type-pattern:not(.elementor-widget-divider--view-line) .elementor-divider-separator:before,.elementor-widget-divider--separator-type-pattern:not([class*=elementor-widget-divider--view]) .elementor-divider-separator{width:100%;min-height:var(--divider-pattern-height);-webkit-mask-size:var(--divider-pattern-size) 100%;mask-size:var(--divider-pattern-size) 100%;-webkit-mask-repeat:var(--divider-pattern-repeat);mask-repeat:var(--divider-pattern-repeat);background-color:var(--divider-color);-webkit-mask-image:var(--divider-pattern-url);mask-image:var(--divider-pattern-url)}.elementor-widget-divider--no-spacing{--divider-pattern-size:auto}.elementor-widget-divider--bg-round{--divider-pattern-repeat:round}.rtl .elementor-widget-divider .elementor-divider__text{direction:rtl}.e-con-inner>.elementor-widget-divider,.e-con>.elementor-widget-divider{width:var(--container-widget-width,100%);--flex-grow:var(--container-widget-flex-grow)}<\/style>\t\t<div class=\"elementor-divider\">\n\t\t\t<span class=\"elementor-divider-separator\">\n\t\t\t\t\t\t<\/span>\n\t\t<\/div>\n\t\t\t\t<\/div>\n\t\t\t\t<\/div>\n\t\t\t\t<div class=\"elementor-element elementor-element-7420f68f elementor-widget elementor-widget-heading\" data-id=\"7420f68f\" data-element_type=\"widget\" data-widget_type=\"heading.default\">\n\t\t\t\t<div class=\"elementor-widget-container\">\n\t\t\t<h2 class=\"elementor-heading-title elementor-size-default\">Bezpieczna<\/h2>\t\t<\/div>\n\t\t\t\t<\/div>\n\t\t\t\t<div class=\"elementor-element elementor-element-3583cea5 elementor-widget elementor-widget-text-editor\" data-id=\"3583cea5\" data-element_type=\"widget\" data-widget_type=\"text-editor.default\">\n\t\t\t\t<div class=\"elementor-widget-container\">\n\t\t\t\t\t\t\t<p>Pracujemy w <b data-path-to-node=\"8,1,0\" data-index-in-node=\"24\">wielo warstwowej<\/b> dysocjacji, aby zapewni\u0107 Ci maksymalne poczucie komfortu i zminimalizowa\u0107 odczuwanie trudnych emocji i wewn\u0119trznego napi\u0119cia.<\/p>\t\t\t\t\t\t<\/div>\n\t\t\t\t<\/div>\n\t\t\t\t<\/div>\n\t\t<div class=\"elementor-element elementor-element-2a156dcd e-con-full e-flex e-con e-child\" data-id=\"2a156dcd\" data-element_type=\"container\">\n\t\t\t\t<div class=\"elementor-element elementor-element-4cc4c6d5 elementor-widget-divider--view-line elementor-widget elementor-widget-divider\" data-id=\"4cc4c6d5\" data-element_type=\"widget\" data-widget_type=\"divider.default\">\n\t\t\t\t<div class=\"elementor-widget-container\">\n\t\t\t\t\t<div class=\"elementor-divider\">\n\t\t\t<span class=\"elementor-divider-separator\">\n\t\t\t\t\t\t<\/span>\n\t\t<\/div>\n\t\t\t\t<\/div>\n\t\t\t\t<\/div>\n\t\t\t\t<div class=\"elementor-element elementor-element-6c74bd6 elementor-widget elementor-widget-heading\" data-id=\"6c74bd6\" data-element_type=\"widget\" data-widget_type=\"heading.default\">\n\t\t\t\t<div class=\"elementor-widget-container\">\n\t\t\t<h2 class=\"elementor-heading-title elementor-size-default\">Kr\u00f3tka<\/h2>\t\t<\/div>\n\t\t\t\t<\/div>\n\t\t\t\t<div class=\"elementor-element elementor-element-1e913bd4 elementor-widget elementor-widget-text-editor\" data-id=\"1e913bd4\" data-element_type=\"widget\" data-widget_type=\"text-editor.default\">\n\t\t\t\t<div class=\"elementor-widget-container\">\n\t\t\t\t\t\t\t<p>Bardzo precyzyjnie znajdujemy \u017ar\u00f3d\u0142a Twoich blokad, wewn\u0119trznych konflikt\u00f3w i trudnych wspomnie\u0144. Ty masz w sobie najlepsze rozwi\u0105zania, kt\u00f3re r\u00f3wnie szybko odnajdujemy.<\/p>\t\t\t\t\t\t<\/div>\n\t\t\t\t<\/div>\n\t\t\t\t<\/div>\n\t\t<div class=\"elementor-element elementor-element-622859e3 e-con-full e-flex e-con e-child\" data-id=\"622859e3\" data-element_type=\"container\">\n\t\t\t\t<div class=\"elementor-element elementor-element-78e6c8be elementor-widget-divider--view-line elementor-widget elementor-widget-divider\" data-id=\"78e6c8be\" data-element_type=\"widget\" data-widget_type=\"divider.default\">\n\t\t\t\t<div class=\"elementor-widget-container\">\n\t\t\t\t\t<div class=\"elementor-divider\">\n\t\t\t<span class=\"elementor-divider-separator\">\n\t\t\t\t\t\t<\/span>\n\t\t<\/div>\n\t\t\t\t<\/div>\n\t\t\t\t<\/div>\n\t\t\t\t<div class=\"elementor-element elementor-element-2aab77a9 elementor-widget elementor-widget-heading\" data-id=\"2aab77a9\" data-element_type=\"widget\" data-widget_type=\"heading.default\">\n\t\t\t\t<div class=\"elementor-widget-container\">\n\t\t\t<h2 class=\"elementor-heading-title elementor-size-default\">Efektywna<\/h2>\t\t<\/div>\n\t\t\t\t<\/div>\n\t\t\t\t<div class=\"elementor-element elementor-element-ee0006c elementor-widget elementor-widget-text-editor\" data-id=\"ee0006c\" data-element_type=\"widget\" data-widget_type=\"text-editor.default\">\n\t\t\t\t<div class=\"elementor-widget-container\">\n\t\t\t\t\t\t\t<p>Dysponuj\u0119 technikami (narz\u0119dziami) do transformacji nieprzyjemnych emocji, przekona\u0144, niefunkcjonalnych decyzji i przyzwyczaje\u0144 oraz niechcianych zachowa\u0144, w miejsce kt\u00f3rych budujesz i uzyskasz nowe zasoby.<\/p>\t\t\t\t\t\t<\/div>\n\t\t\t\t<\/div>\n\t\t\t\t<\/div>\n\t\t<div class=\"elementor-element elementor-element-347c3efe e-con-full e-flex e-con e-child\" data-id=\"347c3efe\" data-element_type=\"container\">\n\t\t\t\t<div class=\"elementor-element elementor-element-7b3fe81a elementor-widget-divider--view-line elementor-widget elementor-widget-divider\" data-id=\"7b3fe81a\" data-element_type=\"widget\" data-widget_type=\"divider.default\">\n\t\t\t\t<div class=\"elementor-widget-container\">\n\t\t\t\t\t<div class=\"elementor-divider\">\n\t\t\t<span class=\"elementor-divider-separator\">\n\t\t\t\t\t\t<\/span>\n\t\t<\/div>\n\t\t\t\t<\/div>\n\t\t\t\t<\/div>\n\t\t\t\t<div class=\"elementor-element elementor-element-670a0fae elementor-widget elementor-widget-heading\" data-id=\"670a0fae\" data-element_type=\"widget\" data-widget_type=\"heading.default\">\n\t\t\t\t<div class=\"elementor-widget-container\">\n\t\t\t<h2 class=\"elementor-heading-title elementor-size-default\">komfortowa<\/h2>\t\t<\/div>\n\t\t\t\t<\/div>\n\t\t\t\t<div class=\"elementor-element elementor-element-5a590c6f elementor-widget elementor-widget-text-editor\" data-id=\"5a590c6f\" data-element_type=\"widget\" data-widget_type=\"text-editor.default\">\n\t\t\t\t<div class=\"elementor-widget-container\">\n\t\t\t\t\t\t\t<p>Nie ma potrzeby ci\u0105g\u0142ego wracania do przesz\u0142o\u015bci i trudnych do\u015bwiadcze\u0144. Skupiamy si\u0119 w komfortowych warunkach nad przepracowaniem tego materia\u0142u a\u017c do poczucia zmiany.<\/p>\t\t\t\t\t\t<\/div>\n\t\t\t\t<\/div>\n\t\t\t\t<\/div>\n\t\t\t\t<\/div>\n\t\t\t\t<\/div>\n\t\t<div class=\"elementor-element elementor-element-52a56081 e-con-full e-flex e-con e-parent\" data-id=\"52a56081\" data-element_type=\"container\" data-settings=\"{&quot;background_background&quot;:&quot;classic&quot;}\">\n\t\t<div class=\"elementor-element elementor-element-1bf6febb e-con-full e-flex e-con e-child\" data-id=\"1bf6febb\" data-element_type=\"container\">\n\t\t\t\t<\/div>\n\t\t<div class=\"elementor-element elementor-element-684f9180 e-con-full e-flex e-con e-child\" data-id=\"684f9180\" data-element_type=\"container\">\n\t\t\t\t<div class=\"elementor-element elementor-element-57af0249 elementor-widget elementor-widget-heading\" data-id=\"57af0249\" data-element_type=\"widget\" data-widget_type=\"heading.default\">\n\t\t\t\t<div class=\"elementor-widget-container\">\n\t\t\t<h2 class=\"elementor-heading-title elementor-size-default\">TERAZ JEST W\u0141A\u015aCIWY MOMENT zapisz si\u0119 lub\nZADZWO\u0143\n<\/h2>\t\t<\/div>\n\t\t\t\t<\/div>\n\t\t\t\t<div class=\"elementor-element elementor-element-dc7461d elementor-widget elementor-widget-html\" data-id=\"dc7461d\" data-element_type=\"widget\" data-widget_type=\"html.default\">\n\t\t\t\t<div class=\"elementor-widget-container\">\n\t\t\t<!-- Google Calendar Appointment Scheduling begin -->\n<link href=\"https:\/\/calendar.google.com\/calendar\/scheduling-button-script.css\" rel=\"stylesheet\">\n<script src=\"https:\/\/calendar.google.com\/calendar\/scheduling-button-script.js\" async><\/script>\n<script>\n(function() {\n  var target = document.currentScript;\n  window.addEventListener('load', function() {\n    calendar.schedulingButton.load({\n      url: 'https:\/\/calendar.google.com\/calendar\/appointments\/AcZssZ11x9zDDRrpyQwKFNP7TSzSBAWs3g39Zd23bUs=?gv=true',\n      color: '#AD1457',\n      label: 'Zarezerwuj spotkanie',\n      target,\n    });\n  });\n})();\n<\/script>\n<!-- end Google Calendar Appointment Scheduling -->\t\t<\/div>\n\t\t\t\t<\/div>\n\t\t\t\t<\/div>\n\t\t\t\t<\/div>\n\t\t\t\t<\/div>\n\t\t","protected":false},"excerpt":{"rendered":"<p>Adam CezaryWi\u0119ckowski Dyplomowany Psychoterapeuta Certyfikowany Hipnoterapeuta Wyk\u0142adowca Trener Tw\u00f3rca TTR O mnie \u2013 Edukacja, Wsparcie i Praca z Pod\u015bwiadomo\u015bci\u0105 Nazywam si\u0119 Adam Cezary Wi\u0119ckowski i prowadz\u0119 profesjonaln\u0105 dzia\u0142alno\u015b\u0107 doradcz\u0105 oraz edukacyjn\u0105, wspieraj\u0105c klient\u00f3w w odzyskiwaniu r\u00f3wnowagi \u017cyciowej i budowaniu odporno\u015bci psychicznej poprzez nauk\u0119 narz\u0119dzi do pracy z pod\u015bwiadomo\u015bci\u0105. Moje podej\u015bcie opiera si\u0119 na solidnych fundamentach [&hellip;]<\/p>\n","protected":false},"author":1,"featured_media":0,"parent":0,"menu_order":0,"comment_status":"closed","ping_status":"closed","template":"elementor_header_footer","meta":{"om_disable_all_campaigns":false,"_monsterinsights_skip_tracking":false,"_monsterinsights_sitenote_active":false,"_monsterinsights_sitenote_note":"","_monsterinsights_sitenote_category":0,"footnotes":""},"aioseo_notices":[],"_links":{"self":[{"href":"https:\/\/www.integratywnie.pl\/index.php\/wp-json\/wp\/v2\/pages\/57"}],"collection":[{"href":"https:\/\/www.integratywnie.pl\/index.php\/wp-json\/wp\/v2\/pages"}],"about":[{"href":"https:\/\/www.integratywnie.pl\/index.php\/wp-json\/wp\/v2\/types\/page"}],"author":[{"embeddable":true,"href":"https:\/\/www.integratywnie.pl\/index.php\/wp-json\/wp\/v2\/users\/1"}],"replies":[{"embeddable":true,"href":"https:\/\/www.integratywnie.pl\/index.php\/wp-json\/wp\/v2\/comments?post=57"}],"version-history":[{"count":78,"href":"https:\/\/www.integratywnie.pl\/index.php\/wp-json\/wp\/v2\/pages\/57\/revisions"}],"predecessor-version":[{"id":980,"href":"https:\/\/www.integratywnie.pl\/index.php\/wp-json\/wp\/v2\/pages\/57\/revisions\/980"}],"wp:attachment":[{"href":"https:\/\/www.integratywnie.pl\/index.php\/wp-json\/wp\/v2\/media?parent=57"}],"curies":[{"name":"wp","href":"https:\/\/api.w.org\/{rel}","templated":true}]}}