{"id":561,"date":"2024-12-06T11:58:39","date_gmt":"2024-12-06T11:58:39","guid":{"rendered":"https:\/\/www.integratywnie.pl\/?page_id=561"},"modified":"2025-12-07T09:36:34","modified_gmt":"2025-12-07T09:36:34","slug":"rodo","status":"publish","type":"page","link":"https:\/\/www.integratywnie.pl\/index.php\/rodo\/","title":{"rendered":"rodo"},"content":{"rendered":"\t\t<div data-elementor-type=\"wp-page\" data-elementor-id=\"561\" class=\"elementor elementor-561\" data-elementor-post-type=\"page\">\n\t\t\t\t<div class=\"elementor-element elementor-element-2747447 e-flex e-con-boxed e-con e-parent\" data-id=\"2747447\" data-element_type=\"container\">\n\t\t\t\t\t<div class=\"e-con-inner\">\n\t\t\t\t<div class=\"elementor-element elementor-element-aa8e632 elementor-widget elementor-widget-text-editor\" data-id=\"aa8e632\" data-element_type=\"widget\" data-widget_type=\"text-editor.default\">\n\t\t\t\t<div class=\"elementor-widget-container\">\n\t\t\t<style>\/*! elementor - v3.21.0 - 26-05-2024 *\/\n.elementor-widget-text-editor.elementor-drop-cap-view-stacked .elementor-drop-cap{background-color:#69727d;color:#fff}.elementor-widget-text-editor.elementor-drop-cap-view-framed .elementor-drop-cap{color:#69727d;border:3px solid;background-color:transparent}.elementor-widget-text-editor:not(.elementor-drop-cap-view-default) .elementor-drop-cap{margin-top:8px}.elementor-widget-text-editor:not(.elementor-drop-cap-view-default) .elementor-drop-cap-letter{width:1em;height:1em}.elementor-widget-text-editor .elementor-drop-cap{float:left;text-align:center;line-height:1;font-size:50px}.elementor-widget-text-editor .elementor-drop-cap-letter{display:inline-block}<\/style>\t\t\t\t<p class=\"p1\"><b>Polityka Prywatno\u015bci<\/b><b><\/b><\/p><p class=\"p3\"><b>Administrator danych osobowych<\/b><b><\/b><\/p><p class=\"p5\">A C WIECKOWSKI<\/p><p class=\"p5\">Lytchett House,<\/p><p class=\"p5\">13 Freeland Park, Wareham Road,<\/p><p class=\"p5\">Poole, Dorset, BH16 6FA, UK<\/p><p class=\"p5\">E-mail: <b>adam@integratywnie.pl<\/b><b><\/b><\/p><p class=\"p5\">Data wej\u015bcia w \u017cycie: <b>1.12.2025<\/b><b><\/b><\/p><p class=\"p1\"><b>1. Postanowienia og\u00f3lne<\/b><b><\/b><\/p><p class=\"p5\">Niniejsza Polityka Prywatno\u015bci okre\u015bla zasady przetwarzania danych osobowych zgodnie z przepisami <b>Og\u00f3lnego Rozporz\u0105dzenia o Ochronie Danych (RODO)<\/b> oraz <b>UK-GDPR<\/b> (brytyjskiej wersji RODO).<\/p><p class=\"p5\">Administrator dok\u0142ada wszelkich stara\u0144, aby dane osobowe by\u0142y przetwarzane w spos\u00f3b zgodny z przepisami prawa, bezpieczny i transparentny.<\/p><p class=\"p1\"><b>2. Jakie dane osobowe przetwarzamy?<\/b><b><\/b><\/p><p class=\"p5\">Administrator przetwarza nast\u0119puj\u0105ce dane osobowe:<\/p><p class=\"p6\">\u2022<b>Dane identyfikacyjne:<\/b> Imi\u0119, nazwisko.<\/p><p class=\"p6\">\u2022<b>Dane kontaktowe:<\/b> Adres e-mail, numer telefonu.<\/p><p class=\"p6\">\u2022<b>Dane wra\u017cliwe:<\/b> Notatki terapeutyczne, historia zdrowotna (na podstawie wyra\u017anej zgody klienta).<\/p><p class=\"p6\">\u2022<b>Dane techniczne:<\/b> Adres IP, dane zbierane za pomoc\u0105 plik\u00f3w cookies.<\/p><p class=\"p1\"><b>3. Cele przetwarzania danych osobowych<\/b><b><\/b><\/p><p class=\"p5\">Twoje dane osobowe s\u0105 przetwarzane w nast\u0119puj\u0105cych celach:<\/p><p class=\"p7\">1.<b>\u015awiadczenie us\u0142ug terapeutycznych:<\/b> Realizacja umowy zawartej z klientem, w tym prowadzenie sesji terapeutycznych i dokumentacji.<\/p><p class=\"p7\">2.<b>Kontakt z klientem:<\/b> Ustalanie termin\u00f3w sesji, udzielanie odpowiedzi na zapytania i komunikacja.<\/p><p class=\"p7\">3.<b>Realizacja p\u0142atno\u015bci:<\/b> Obs\u0142uga p\u0142atno\u015bci za us\u0142ugi terapeutyczne.<\/p><p class=\"p7\">4.<b>Analiza strony internetowej:<\/b> Optymalizacja funkcjonowania strony oraz analiza ruchu za pomoc\u0105 narz\u0119dzi takich jak Google Analytics.<\/p><p class=\"p1\"><b>4. Podstawy prawne przetwarzania danych osobowych<\/b><b><\/b><\/p><p class=\"p5\">Administrator przetwarza dane osobowe na podstawie:<\/p><p class=\"p6\">\u2022<b>Art. 6 ust. 1 lit. b UK-GDPR:<\/b> Przetwarzanie jest niezb\u0119dne do wykonania umowy (np. \u015bwiadczenie us\u0142ug terapeutycznych).<\/p><p class=\"p6\">\u2022<b>Art. 6 ust. 1 lit. f UK-GDPR:<\/b> Uzasadniony interes administratora (np. kontakt z klientem, analiza strony internetowej).<\/p><p class=\"p6\">\u2022<b>Art. 9 ust. 2 lit. a UK-GDPR:<\/b> Wyra\u017ana zgoda klienta na przetwarzanie danych wra\u017cliwych (np. historia zdrowotna).<\/p><p class=\"p1\"><b>5. Odbiorcy danych osobowych<\/b><b><\/b><\/p><p class=\"p5\">Dane osobowe mog\u0105 by\u0107 przekazywane wy\u0142\u0105cznie podmiotom wsp\u00f3\u0142pracuj\u0105cym z administratorem, takim jak:<\/p><p class=\"p6\">\u2022<b>cal.pl:<\/b> Hosting strony internetowej.<\/p><p class=\"p6\">\u2022<b>Google Workspace:<\/b> Us\u0142ugi poczty elektronicznej i przechowywania dokument\u00f3w.<\/p><p class=\"p6\">\u2022<b>Stripe:<\/b> Realizacja p\u0142atno\u015bci online.<\/p><p class=\"p6\">\u2022<b>Apple (iCloud):<\/b> Przechowywanie notatek terapeutycznych i innych danych wra\u017cliwych.<\/p><p class=\"p5\">Wszyscy odbiorcy danych s\u0105 zwi\u0105zani umowami powierzenia przetwarzania danych (DPA) i zobowi\u0105zani do przestrzegania przepis\u00f3w RODO\/UK-GDPR.<\/p><p class=\"p1\"><b>6. Okres przechowywania danych osobowych<\/b><b><\/b><\/p><p class=\"p5\">Dane osobowe b\u0119d\u0105 przechowywane przez nast\u0119puj\u0105ce okresy:<\/p><p class=\"p7\">1.<b>Notatki terapeutyczne:<\/b> 5 lat od zako\u0144czenia wsp\u00f3\u0142pracy, zgodnie z wymogami prawnymi.<\/p><p class=\"p7\">2.<b>Dane kontaktowe:<\/b> Do momentu zako\u0144czenia wsp\u00f3\u0142pracy lub na \u017c\u0105danie o ich usuni\u0119cie.<\/p><p class=\"p7\">3.<b>Dane techniczne (cookies):<\/b> W zale\u017cno\u015bci od ustawie\u0144 plik\u00f3w cookies, maksymalnie 2 lata.<\/p><p class=\"p1\"><b>7. Prawa os\u00f3b, kt\u00f3rych dane dotycz\u0105<\/b><b><\/b><\/p><p class=\"p5\">Osoby, kt\u00f3rych dane s\u0105 przetwarzane, maj\u0105 nast\u0119puj\u0105ce prawa:<\/p><p class=\"p7\">1.<b>Prawo dost\u0119pu do danych:<\/b> Mo\u017cesz uzyska\u0107 informacje o tym, jakie dane s\u0105 przetwarzane i w jakim celu.<\/p><p class=\"p7\">2.<b>Prawo do sprostowania danych:<\/b> Mo\u017cesz poprawi\u0107 b\u0142\u0119dne lub niekompletne dane.<\/p><p class=\"p7\">3.<b>Prawo do usuni\u0119cia danych (\u201cprawo do bycia zapomnianym\u201d):<\/b> Mo\u017cesz za\u017c\u0105da\u0107 usuni\u0119cia swoich danych, je\u015bli nie s\u0105 ju\u017c potrzebne.<\/p><p class=\"p7\">4.<b>Prawo do ograniczenia przetwarzania:<\/b> Mo\u017cesz wstrzyma\u0107 przetwarzanie danych w okre\u015blonych przypadkach.<\/p><p class=\"p7\">5.<b>Prawo do przenoszenia danych:<\/b> Mo\u017cesz otrzyma\u0107 swoje dane w formacie umo\u017cliwiaj\u0105cym ich przekazanie innemu administratorowi.<\/p><p class=\"p7\">6.<b>Prawo do sprzeciwu:<\/b> Mo\u017cesz zg\u0142osi\u0107 sprzeciw wobec przetwarzania danych na podstawie uzasadnionego interesu administratora.<\/p><p class=\"p7\">7.<b>Prawo do z\u0142o\u017cenia skargi:<\/b> Mo\u017cesz zg\u0142osi\u0107 skarg\u0119 do organu nadzorczego \u2013 <b>Information Commissioner\u2019s Office (ICO)<\/b> w Wielkiej Brytanii.<\/p><p class=\"p5\">Aby skorzysta\u0107 z tych praw, skontaktuj si\u0119 z administratorem pod adresem: <b>[Tw\u00f3j e-mail]<\/b>.<\/p><p class=\"p1\"><b>8. Bezpiecze\u0144stwo danych osobowych<\/b><b><\/b><\/p><p class=\"p5\">Administrator stosuje odpowiednie \u015brodki techniczne i organizacyjne w celu ochrony danych osobowych:<\/p><p class=\"p7\">1.Szyfrowanie danych lokalnych za pomoc\u0105 <b>Apple FileVault<\/b>.<\/p><p class=\"p7\">2.Dwuetapowe uwierzytelnianie w Google Workspace i iCloud.<\/p><p class=\"p7\">3.Regularne aktualizacje system\u00f3w operacyjnych i oprogramowania.<\/p><p class=\"p7\">4.Tworzenie kopii zapasowych danych na zewn\u0119trznych dyskach szyfrowanych.<\/p><p class=\"p1\"><b>9. Pliki cookies<\/b><b><\/b><\/p><p class=\"p5\">Pliki cookies wykorzystywane na naszej stronie pomagaj\u0105 zapewni\u0107 jej prawid\u0142owe funkcjonowanie oraz analizowa\u0107 ruch.<\/p><p class=\"p7\">1.<b>Rodzaje plik\u00f3w cookies:<\/b><b><\/b><\/p><p class=\"p8\">\u2022<b>Niezb\u0119dne cookies:<\/b> Zapewniaj\u0105ce prawid\u0142owe dzia\u0142anie strony.<\/p><p class=\"p8\">\u2022<b>Analityczne cookies:<\/b> Zbieraj\u0105ce dane o ruchu u\u017cytkownik\u00f3w na stronie (Google Analytics).<\/p><p class=\"p7\">2.<b>Zarz\u0105dzanie cookies:<\/b> U\u017cytkownik mo\u017ce zmieni\u0107 ustawienia cookies w swojej przegl\u0105darce.<\/p><p class=\"p5\">Wi\u0119cej szczeg\u00f3\u0142\u00f3w znajdziesz w <b>Polityce Cookies<\/b>, dost\u0119pnej na naszej stronie.<\/p><p class=\"p1\"><b>10. Procedura w razie naruszenia danych osobowych<\/b><b><\/b><\/p><p class=\"p5\">W przypadku naruszenia ochrony danych osobowych:<\/p><p class=\"p7\">1.Administrator poinformuje osoby dotkni\u0119te naruszeniem w ci\u0105gu <b>72 godzin<\/b>.<\/p><p class=\"p7\">2.Zg\u0142osi incydent do <b>Information Commissioner\u2019s Office (ICO)<\/b>, je\u015bli b\u0119dzie to wymagane.<\/p><p class=\"p7\">3.Podejmie dzia\u0142ania naprawcze w celu ograniczenia skutk\u00f3w incydentu.<\/p><p class=\"p1\"><b>11. Zmiany w polityce prywatno\u015bci<\/b><b><\/b><\/p><p class=\"p5\">Administrator zastrzega sobie prawo do zmiany niniejszej Polityki Prywatno\u015bci. O wszelkich zmianach u\u017cytkownicy zostan\u0105 poinformowani z odpowiednim wyprzedzeniem.<\/p><p class=\"p1\"><b>Kontakt<\/b><b><\/b><\/p><p class=\"p5\">Je\u015bli masz pytania dotycz\u0105ce niniejszej Polityki Prywatno\u015bci, skontaktuj si\u0119 z administratorem:<\/p><p class=\"p5\">E-mail: <b>adam@integratywnie.pl<\/b><b><\/b><\/p><hr \/><p class=\"p1\"><b>Polityka Cookies<\/b><b><\/b><\/p><p class=\"p3\"><b>1. Wprowadzenie<\/b><b><\/b><\/p><p class=\"p3\">Niniejsza Polityka Cookies opisuje, w jaki spos\u00f3b pliki cookies s\u0105 wykorzystywane na stronie internetowej prowadzonej przez <b>A C WIECKOWSKI<\/b> z siedzib\u0105 w:<\/p><p class=\"p3\">Lytchett House, 13 Freeland Park, Wareham Road, Poole, Dorset, BH16 6FA, UK.<\/p><p class=\"p3\">Pliki cookies pomagaj\u0105 nam zapewni\u0107 prawid\u0142owe dzia\u0142anie strony, analizowa\u0107 ruch oraz dostosowywa\u0107 tre\u015bci do potrzeb u\u017cytkownik\u00f3w.<\/p><p class=\"p3\"><b>2. Czym s\u0105 pliki cookies?<\/b><b><\/b><\/p><p class=\"p3\">Cookies to niewielkie pliki tekstowe zapisywane na urz\u0105dzeniu u\u017cytkownika (np. komputerze, telefonie) podczas korzystania z naszej strony internetowej. Pozwalaj\u0105 stronie zapami\u0119tywa\u0107 preferencje u\u017cytkownika oraz zbiera\u0107 dane statystyczne.<\/p><p class=\"p3\"><b>3. Rodzaje plik\u00f3w cookies u\u017cywanych na stronie<\/b><b><\/b><\/p><p class=\"p3\">Na naszej stronie stosujemy nast\u0119puj\u0105ce rodzaje plik\u00f3w cookies:<\/p><p class=\"p5\">\u2022<b>Niezb\u0119dne cookies<\/b><b><\/b><\/p><p class=\"p3\">Te pliki s\u0105 niezb\u0119dne do prawid\u0142owego funkcjonowania strony, np. umo\u017cliwiaj\u0105 logowanie, zapami\u0119tuj\u0105 ustawienia u\u017cytkownika.<\/p><p class=\"p3\"><b>Przyk\u0142ady:<\/b><b><\/b><\/p><p class=\"p6\">\u2022Cookies zwi\u0105zane z sesj\u0105 u\u017cytkownika.<\/p><p class=\"p5\">\u2022<b>Analityczne cookies<\/b><b><\/b><\/p><p class=\"p3\">Pomagaj\u0105 nam analizowa\u0107 ruch na stronie, mierzy\u0107 liczb\u0119 odwiedzin i sprawdza\u0107, jak u\u017cytkownicy korzystaj\u0105 z witryny. U\u017cywamy narz\u0119dzi takich jak <b>Google Analytics<\/b>, kt\u00f3re mog\u0105 zbiera\u0107 dane anonimowe (np. adres IP, lokalizacja geograficzna).<\/p><p class=\"p3\"><b>Przyk\u0142ady:<\/b><b><\/b><\/p><p class=\"p6\">\u2022\u015aledzenie odwiedzanych stron.<\/p><p class=\"p6\">\u2022Pomiar czasu sp\u0119dzanego na stronie.<\/p><p class=\"p5\">\u2022<b>Funkcjonalne cookies<\/b><b><\/b><\/p><p class=\"p3\">Te pliki umo\u017cliwiaj\u0105 zapami\u0119tywanie ustawie\u0144 u\u017cytkownika, takich jak wyb\u00f3r j\u0119zyka czy preferencje dotycz\u0105ce wygl\u0105du strony.<\/p><p class=\"p3\"><b>4. Zgoda na pliki cookies<\/b><b><\/b><\/p><p class=\"p3\">Podczas pierwszej wizyty na stronie u\u017cytkownik zostaje poinformowany o wykorzystywaniu plik\u00f3w cookies poprzez baner cookies. U\u017cytkownik ma mo\u017cliwo\u015b\u0107:<\/p><p class=\"p5\">\u2022Wyra\u017cenia zgody na wszystkie pliki cookies, klikaj\u0105c <b>\u201cAkceptuj\u0119\u201d<\/b>.<\/p><p class=\"p5\">\u2022Dostosowania preferencji cookies w sekcji <b>\u201cUstawienia cookies\u201d<\/b>.<\/p><p class=\"p3\"><b>5. Zarz\u0105dzanie plikami cookies<\/b><b><\/b><\/p><p class=\"p3\">Ka\u017cdy u\u017cytkownik mo\u017ce zarz\u0105dza\u0107 ustawieniami plik\u00f3w cookies w swojej przegl\u0105darce internetowej. Mo\u017cesz:<\/p><p class=\"p5\">\u2022Usun\u0105\u0107 istniej\u0105ce pliki cookies.<\/p><p class=\"p5\">\u2022Zablokowa\u0107 automatyczne zapisywanie plik\u00f3w cookies.<\/p><p class=\"p3\">Instrukcje dla popularnych przegl\u0105darek:<\/p><p class=\"p5\">\u2022<b>Google Chrome:<\/b> <a href=\"https:\/\/support.google.com\/chrome\/answer\/95647\">Instrukcja zarz\u0105dzania cookies w Chrome<\/a><\/p><p class=\"p5\">\u2022<b>Mozilla Firefox:<\/b> <a href=\"https:\/\/support.mozilla.org\/pl\/kb\/blokowanie-ciasteczek\">Instrukcja zarz\u0105dzania cookies w Firefox<\/a><\/p><p class=\"p5\">\u2022<b>Safari:<\/b> <a href=\"https:\/\/support.apple.com\/pl-pl\/guide\/safari\/sfri11471\/mac\">Instrukcja zarz\u0105dzania cookies w Safari<\/a><\/p><p class=\"p3\"><b>6. Pliki cookies u\u017cywane przez Google Analytics<\/b><b><\/b><\/p><p class=\"p3\">Na naszej stronie wykorzystujemy narz\u0119dzie Google Analytics do analizy ruchu. W zwi\u0105zku z tym mog\u0105 by\u0107 zbierane anonimowe dane, takie jak:<\/p><p class=\"p5\">\u2022Adres IP (anonimizowany).<\/p><p class=\"p5\">\u2022Lokalizacja u\u017cytkownika (og\u00f3lna, np. kraj).<\/p><p class=\"p5\">\u2022Czas sp\u0119dzony na stronie.<\/p><p class=\"p5\">\u2022Najcz\u0119\u015bciej odwiedzane podstrony.<\/p><p class=\"p3\">Google Analytics u\u017cywa w\u0142asnych plik\u00f3w cookies, kt\u00f3re s\u0105 zarz\u0105dzane zgodnie z polityk\u0105 prywatno\u015bci Google. Wi\u0119cej informacji znajdziesz tutaj: <a href=\"https:\/\/policies.google.com\/privacy\">Polityka prywatno\u015bci Google<\/a>.<\/p><p class=\"p3\"><b>7. Czas przechowywania plik\u00f3w cookies<\/b><b><\/b><\/p><p class=\"p3\">Pliki cookies s\u0105 przechowywane na urz\u0105dzeniu u\u017cytkownika przez nast\u0119puj\u0105ce okresy:<\/p><p class=\"p5\">\u2022<b>Cookies sesyjne:<\/b> Usuwane po zamkni\u0119ciu przegl\u0105darki.<\/p><p class=\"p5\">\u2022<b>Cookies trwa\u0142e:<\/b> Przechowywane na urz\u0105dzeniu przez maksymalnie 2 lata lub do momentu ich usuni\u0119cia przez u\u017cytkownika.<\/p><p class=\"p3\"><b>8. Zmiany w polityce cookies<\/b><b><\/b><\/p><p class=\"p3\">Zastrzegamy sobie prawo do wprowadzania zmian w niniejszej Polityce Cookies. Wszelkie zmiany b\u0119d\u0105 publikowane na tej stronie.<\/p><p class=\"p3\"><b>Kontakt<\/b><b><\/b><\/p><p class=\"p3\">Je\u015bli masz pytania dotycz\u0105ce polityki cookies, skontaktuj si\u0119 z administratorem:<\/p><p class=\"p3\">E-mail: kontakt@integratywnie.pl<b><\/b><\/p><hr \/><p class=\"p1\"><b>Polityka Ochrony Danych Osobowych (RODO\/UK-GDPR)<\/b><b><\/b><\/p><p class=\"p3\"><b>Administrator danych osobowych<\/b><b><\/b><\/p><p class=\"p5\">A C WIECKOWSKI<\/p><p class=\"p5\">Lytchett House,<\/p><p class=\"p5\">13 Freeland Park, Wareham Road,<\/p><p class=\"p5\">Poole, Dorset, BH16 6FA, UK<\/p><p class=\"p5\">E-mail: <b>adam@integratywnie.pl<\/b><b><\/b><\/p><p class=\"p5\">Data wej\u015bcia w \u017cycie: <b>1.12.2025<\/b><b><\/b><\/p><p class=\"p1\"><b>1. Postanowienia og\u00f3lne<\/b><b><\/b><\/p><p class=\"p5\">Niniejsza Polityka okre\u015bla zasady przetwarzania danych osobowych zgodnie z <b>Og\u00f3lnym Rozporz\u0105dzeniem o Ochronie Danych (RODO)<\/b> oraz <b>UK-GDPR<\/b> (brytyjsk\u0105 wersj\u0105 RODO).<\/p><p class=\"p5\">Administrator dok\u0142ada wszelkich stara\u0144, aby dane osobowe by\u0142y przetwarzane zgodnie z przepisami prawa oraz z zachowaniem najwy\u017cszych standard\u00f3w ochrony.<\/p><p class=\"p1\"><b>2. Zakres przetwarzanych danych osobowych<\/b><b><\/b><\/p><p class=\"p5\">Administrator przetwarza nast\u0119puj\u0105ce dane osobowe:<\/p><p class=\"p6\">\u2022<b>Dane identyfikacyjne:<\/b> imi\u0119, nazwisko.<\/p><p class=\"p6\">\u2022<b>Dane kontaktowe:<\/b> adres e-mail, numer telefonu.<\/p><p class=\"p6\">\u2022<b>Dane wra\u017cliwe:<\/b> notatki terapeutyczne, historia zdrowotna (na podstawie wyra\u017anej zgody klienta).<\/p><p class=\"p6\">\u2022<b>Dane techniczne:<\/b> adres IP, dane zbierane za pomoc\u0105 plik\u00f3w cookies.<\/p><p class=\"p1\"><b>3. Cele przetwarzania danych<\/b><b><\/b><\/p><p class=\"p5\">Dane osobowe s\u0105 przetwarzane w nast\u0119puj\u0105cych celach:<\/p><p class=\"p7\">1.<b>\u015awiadczenie us\u0142ug terapeutycznych<\/b>: Realizacja umowy zawartej z klientem.<\/p><p class=\"p7\">2.<b>Kontakt z klientem<\/b>: Ustalanie termin\u00f3w sesji oraz udzielanie informacji.<\/p><p class=\"p7\">3.<b>Realizacja p\u0142atno\u015bci<\/b>: Obs\u0142uga p\u0142atno\u015bci za us\u0142ugi.<\/p><p class=\"p7\">4.<b>Analiza strony internetowej<\/b>: Optymalizacja funkcjonowania strony i analiza ruchu za pomoc\u0105 narz\u0119dzi takich jak Google Analytics.<\/p><p class=\"p1\"><b>4. Podstawy prawne przetwarzania danych<\/b><b><\/b><\/p><p class=\"p5\">Administrator przetwarza dane osobowe na podstawie:<\/p><p class=\"p6\">\u2022<b>Art. 6 ust. 1 lit. b UK-GDPR:<\/b> Realizacja umowy z klientem (np. \u015bwiadczenie us\u0142ug terapeutycznych).<\/p><p class=\"p6\">\u2022<b>Art. 6 ust. 1 lit. f UK-GDPR:<\/b> Uzasadniony interes administratora (np. kontakt z klientem, analiza strony internetowej).<\/p><p class=\"p6\">\u2022<b>Art. 9 ust. 2 lit. a UK-GDPR:<\/b> Wyra\u017ana zgoda klienta na przetwarzanie danych wra\u017cliwych (np. historia zdrowotna).<\/p><p class=\"p1\"><b>5. Odbiorcy danych osobowych<\/b><b><\/b><\/p><p class=\"p5\">Administrator wsp\u00f3\u0142pracuje z podmiotami, kt\u00f3re mog\u0105 przetwarza\u0107 dane osobowe w jego imieniu:<\/p><p class=\"p6\">\u2022<b>cal.pl:<\/b> Hosting strony internetowej.<\/p><p class=\"p6\">\u2022<b>Google Workspace:<\/b> Us\u0142ugi poczty elektronicznej i przechowywania dokument\u00f3w.<\/p><p class=\"p6\">\u2022<b>Stripe:<\/b> Realizacja p\u0142atno\u015bci.<\/p><p class=\"p6\">\u2022<b>Apple (iCloud):<\/b> Przechowywanie notatek terapeutycznych i innych danych.<\/p><p class=\"p5\">Wszyscy dostawcy us\u0142ug s\u0105 zwi\u0105zani umowami powierzenia przetwarzania danych (DPA).<\/p><p class=\"p1\"><b>6. Okres przechowywania danych<\/b><b><\/b><\/p><p class=\"p5\">Administrator przechowuje dane osobowe przez nast\u0119puj\u0105cy okres:<\/p><p class=\"p6\">\u2022<b>Notatki terapeutyczne:<\/b> 5 lat od zako\u0144czenia wsp\u00f3\u0142pracy, zgodnie z wymogami prawnymi.<\/p><p class=\"p6\">\u2022<b>Dane kontaktowe:<\/b> Do momentu zako\u0144czenia wsp\u00f3\u0142pracy lub na \u017c\u0105danie o ich usuni\u0119cie.<\/p><p class=\"p6\">\u2022<b>Dane techniczne (cookies):<\/b> Zale\u017cnie od ustawie\u0144 plik\u00f3w cookies, maksymalnie 2 lata.<\/p><p class=\"p1\"><b>7. Prawa os\u00f3b, kt\u00f3rych dane dotycz\u0105<\/b><b><\/b><\/p><p class=\"p5\">Ka\u017cda osoba, kt\u00f3rej dane s\u0105 przetwarzane, ma prawo do:<\/p><p class=\"p6\">\u2022<b>Dost\u0119pu do danych:<\/b> Otrzymania informacji o przetwarzanych danych.<\/p><p class=\"p6\">\u2022<b>Sprostowania danych:<\/b> Poprawienia b\u0142\u0119dnych lub niekompletnych danych.<\/p><p class=\"p6\">\u2022<b>Usuni\u0119cia danych (\u201cprawo do bycia zapomnianym\u201d):<\/b> \u017b\u0105dania usuni\u0119cia danych w okre\u015blonych przypadkach.<\/p><p class=\"p6\">\u2022<b>Ograniczenia przetwarzania:<\/b> Wstrzymania przetwarzania danych w okre\u015blonych sytuacjach.<\/p><p class=\"p6\">\u2022<b>Przenoszenia danych:<\/b> Otrzymania swoich danych w formacie umo\u017cliwiaj\u0105cym ich przekazanie innemu administratorowi.<\/p><p class=\"p6\">\u2022<b>Sprzeciwu:<\/b> Zg\u0142oszenia sprzeciwu wobec przetwarzania danych na podstawie uzasadnionego interesu.<\/p><p class=\"p6\">\u2022<b>Z\u0142o\u017cenia skargi:<\/b> Do organu nadzorczego \u2013 <b>Information Commissioner\u2019s Office (ICO)<\/b> w Wielkiej Brytanii.<\/p><p class=\"p5\">Aby skorzysta\u0107 z powy\u017cszych praw, prosimy o kontakt pod adresem: <b>adam@integratywnie.pl<\/b>.<\/p><p class=\"p1\"><b>8. Bezpiecze\u0144stwo danych osobowych<\/b><b><\/b><\/p><p class=\"p5\">Administrator stosuje odpowiednie \u015brodki techniczne i organizacyjne w celu ochrony danych osobowych:<\/p><p class=\"p7\">1.Szyfrowanie danych na lokalnym komputerze za pomoc\u0105 <b>Apple FileVault<\/b>.<\/p><p class=\"p7\">2.Dwuetapowe uwierzytelnianie w iCloud i Google Workspace.<\/p><p class=\"p7\">3.Regularne aktualizacje system\u00f3w i oprogramowania.<\/p><p class=\"p7\">4.Tworzenie kopii zapasowych danych na zewn\u0119trznym dysku szyfrowanym.<\/p><p class=\"p1\"><b>9. Pliki cookies<\/b><b><\/b><\/p><p class=\"p7\">1.<b>Definicja:<\/b> Pliki cookies to niewielkie pliki tekstowe zapisywane na urz\u0105dzeniu u\u017cytkownika.<\/p><p class=\"p7\">2.<b>Rodzaje cookies u\u017cywane na stronie:<\/b><b><\/b><\/p><p class=\"p8\">\u2022<b>Niezb\u0119dne cookies:<\/b> Zapewniaj\u0105 prawid\u0142owe dzia\u0142anie strony.<\/p><p class=\"p8\">\u2022<b>Analityczne cookies:<\/b> U\u017cywane do zbierania danych o ruchu na stronie (Google Analytics).<\/p><p class=\"p7\">3.<b>Zarz\u0105dzanie cookies:<\/b> U\u017cytkownik mo\u017ce zmieni\u0107 ustawienia cookies w przegl\u0105darce internetowej.<\/p><p class=\"p5\">Wi\u0119cej informacji znajduje si\u0119 w <b>Polityce Cookies<\/b> dost\u0119pnej na naszej stronie.<\/p><p class=\"p1\"><b>10. Procedura w razie naruszenia danych osobowych<\/b><b><\/b><\/p><p class=\"p5\">W przypadku naruszenia ochrony danych osobowych administrator:<\/p><p class=\"p7\">1.Poinformuje klient\u00f3w dotkni\u0119tych naruszeniem w ci\u0105gu <b>72 godzin<\/b>.<\/p><p class=\"p7\">2.Zg\u0142osi incydent do <b>ICO<\/b>, je\u015bli jest to wymagane.<\/p><p class=\"p7\">3.Podejmie dzia\u0142ania w celu ograniczenia skutk\u00f3w naruszenia i zapobie\u017cenia podobnym incydentom w przysz\u0142o\u015bci.<\/p><p class=\"p1\"><b>11. Zmiany w polityce ochrony danych<\/b><b><\/b><\/p><p class=\"p5\">Administrator zastrzega sobie prawo do zmiany niniejszej Polityki. O wszelkich zmianach u\u017cytkownicy zostan\u0105 poinformowani z odpowiednim wyprzedzeniem.<\/p><p class=\"p1\"><b>Kontakt<\/b><b><\/b><\/p><p class=\"p5\">Je\u015bli masz pytania dotycz\u0105ce niniejszej Polityki, skontaktuj si\u0119 z administratorem:<\/p><p class=\"p5\">E-mail: adam@integratywnie.pl<b><\/b><\/p>\t\t\t\t\t\t<\/div>\n\t\t\t\t<\/div>\n\t\t\t\t\t<\/div>\n\t\t\t\t<\/div>\n\t\t\t\t<\/div>\n\t\t","protected":false},"excerpt":{"rendered":"<p>Polityka Prywatno\u015bci Administrator danych osobowych A C WIECKOWSKI Lytchett House, 13 Freeland Park, Wareham Road, Poole, Dorset, BH16 6FA, UK E-mail: adam@integratywnie.pl Data wej\u015bcia w \u017cycie: 1.12.2025 1. Postanowienia og\u00f3lne Niniejsza Polityka Prywatno\u015bci okre\u015bla zasady przetwarzania danych osobowych zgodnie z przepisami Og\u00f3lnego Rozporz\u0105dzenia o Ochronie Danych (RODO) oraz UK-GDPR (brytyjskiej wersji RODO). Administrator dok\u0142ada wszelkich [&hellip;]<\/p>\n","protected":false},"author":1,"featured_media":0,"parent":0,"menu_order":0,"comment_status":"closed","ping_status":"closed","template":"","meta":{"om_disable_all_campaigns":false,"_monsterinsights_skip_tracking":false,"_monsterinsights_sitenote_active":false,"_monsterinsights_sitenote_note":"","_monsterinsights_sitenote_category":0,"footnotes":""},"aioseo_notices":[],"_links":{"self":[{"href":"https:\/\/www.integratywnie.pl\/index.php\/wp-json\/wp\/v2\/pages\/561"}],"collection":[{"href":"https:\/\/www.integratywnie.pl\/index.php\/wp-json\/wp\/v2\/pages"}],"about":[{"href":"https:\/\/www.integratywnie.pl\/index.php\/wp-json\/wp\/v2\/types\/page"}],"author":[{"embeddable":true,"href":"https:\/\/www.integratywnie.pl\/index.php\/wp-json\/wp\/v2\/users\/1"}],"replies":[{"embeddable":true,"href":"https:\/\/www.integratywnie.pl\/index.php\/wp-json\/wp\/v2\/comments?post=561"}],"version-history":[{"count":7,"href":"https:\/\/www.integratywnie.pl\/index.php\/wp-json\/wp\/v2\/pages\/561\/revisions"}],"predecessor-version":[{"id":837,"href":"https:\/\/www.integratywnie.pl\/index.php\/wp-json\/wp\/v2\/pages\/561\/revisions\/837"}],"wp:attachment":[{"href":"https:\/\/www.integratywnie.pl\/index.php\/wp-json\/wp\/v2\/media?parent=561"}],"curies":[{"name":"wp","href":"https:\/\/api.w.org\/{rel}","templated":true}]}}